{"id":985,"date":"2020-08-12T04:45:04","date_gmt":"2020-08-12T04:45:04","guid":{"rendered":"https:\/\/cossystem.com.mx\/?post_type=product&#038;p=985"},"modified":"2020-08-12T04:48:04","modified_gmt":"2020-08-12T04:48:04","slug":"paquete-posicionamiento-emprendedor","status":"publish","type":"product","link":"https:\/\/cossystem.com.mx\/index.php\/producto\/paquete-posicionamiento-emprendedor\/","title":{"rendered":"Paquete Posicionamiento Emprendedor"},"content":{"rendered":"<p>Incluye:<\/p>\n<ul>\n<li>Publicidad en Red de b\u00fasqueda<\/li>\n<li>Administraci\u00f3n de campa\u00f1a para garantizar salir en los primeros lugares de b\u00fasqueda<\/li>\n<li>B\u00fasqueda de palabras que ayuden al posicionamiento<\/li>\n<li>Creaci\u00f3n de leads o anuncios que ayuden a cumplir el objetivo trazado de la campa\u00f1a<\/li>\n<li>Duraci\u00f3n de la campa\u00f1a mensual<\/li>\n<li>Creaci\u00f3n de 3 anuncios por cada canal<\/li>\n<li>Dise\u00f1o para red display proporcionado por el cliente<\/li>\n<li>Video sencillo promocional<\/li>\n<\/ul>\n<p>Este Precio es Mensual &#8211; Contrataci\u00f3n m\u00ednima de 3 Meses<\/p>\n","protected":false},"excerpt":{"rendered":"<ul>\n<li>Publicidad en Red de b\u00fasqueda<\/li>\n<li>Administraci\u00f3n de campa\u00f1a para garantizar salir en los primeros lugares de b\u00fasqueda<\/li>\n<li>B\u00fasqueda de palabras que ayuden al posicionamiento<\/li>\n<li>Creaci\u00f3n de leads o anuncios que ayuden a cumplir el objetivo trazado de la campa\u00f1a<\/li>\n<li>Duraci\u00f3n de la campa\u00f1a mensual<\/li>\n<li>Creaci\u00f3n de 3 anuncios por cada canal<\/li>\n<li>Dise\u00f1o para red display proporcionado por el cliente<\/li>\n<li>Video sencillo promocional<\/li>\n<\/ul>\n","protected":false},"featured_media":954,"comment_status":"open","ping_status":"closed","template":"","meta":{"site-sidebar-layout":"default","site-content-layout":"default","ast-site-content-layout":"","site-content-style":"default","site-sidebar-style":"default","ast-global-header-display":"","ast-banner-title-visibility":"","ast-main-header-display":"","ast-hfb-above-header-display":"","ast-hfb-below-header-display":"","ast-hfb-mobile-header-display":"","site-post-title":"","ast-breadcrumbs-content":"","ast-featured-img":"","footer-sml-layout":"","theme-transparent-header-meta":"default","adv-header-id-meta":"","stick-header-meta":"","header-above-stick-meta":"","header-main-stick-meta":"","header-below-stick-meta":"","astra-migrate-meta-layouts":"default","ast-page-background-enabled":"default","ast-page-background-meta":{"desktop":{"background-color":"","background-image":"","background-repeat":"repeat","background-position":"center center","background-size":"auto","background-attachment":"scroll","background-type":"","background-media":"","overlay-type":"","overlay-color":"","overlay-opacity":"","overlay-gradient":""},"tablet":{"background-color":"","background-image":"","background-repeat":"repeat","background-position":"center center","background-size":"auto","background-attachment":"scroll","background-type":"","background-media":"","overlay-type":"","overlay-color":"","overlay-opacity":"","overlay-gradient":""},"mobile":{"background-color":"","background-image":"","background-repeat":"repeat","background-position":"center center","background-size":"auto","background-attachment":"scroll","background-type":"","background-media":"","overlay-type":"","overlay-color":"","overlay-opacity":"","overlay-gradient":""}},"ast-content-background-meta":{"desktop":{"background-color":"var(--ast-global-color-5)","background-image":"","background-repeat":"repeat","background-position":"center center","background-size":"auto","background-attachment":"scroll","background-type":"","background-media":"","overlay-type":"","overlay-color":"","overlay-opacity":"","overlay-gradient":""},"tablet":{"background-color":"var(--ast-global-color-5)","background-image":"","background-repeat":"repeat","background-position":"center center","background-size":"auto","background-attachment":"scroll","background-type":"","background-media":"","overlay-type":"","overlay-color":"","overlay-opacity":"","overlay-gradient":""},"mobile":{"background-color":"var(--ast-global-color-5)","background-image":"","background-repeat":"repeat","background-position":"center center","background-size":"auto","background-attachment":"scroll","background-type":"","background-media":"","overlay-type":"","overlay-color":"","overlay-opacity":"","overlay-gradient":""}}},"product_cat":[61,64],"product_tag":[],"class_list":{"0":"post-985","1":"product","2":"type-product","3":"status-publish","4":"has-post-thumbnail","6":"product_cat-marketing","7":"product_cat-posicionamiento","8":"desktop-align-left","9":"tablet-align-left","10":"mobile-align-left","12":"first","13":"instock","14":"sale","15":"purchasable","16":"product-type-simple"},"yoast_head":"<!-- This site is optimized with the Yoast SEO plugin v24.2 - https:\/\/yoast.com\/wordpress\/plugins\/seo\/ -->\n<title>Paquete Posicionamiento Emprendedor -<\/title>\n<meta name=\"robots\" content=\"index, follow, max-snippet:-1, max-image-preview:large, max-video-preview:-1\" \/>\n<link rel=\"canonical\" href=\"https:\/\/cossystem.com.mx\/index.php\/producto\/paquete-posicionamiento-emprendedor\/\" \/>\n<meta property=\"og:locale\" content=\"es_ES\" \/>\n<meta property=\"og:type\" content=\"article\" \/>\n<meta property=\"og:title\" content=\"Paquete Posicionamiento Emprendedor -\" \/>\n<meta property=\"og:description\" content=\"Publicidad en Red de b\u00fasqueda  Administraci\u00f3n de campa\u00f1a para garantizar salir en los primeros lugares de b\u00fasqueda  B\u00fasqueda de palabras que ayuden al posicionamiento  Creaci\u00f3n de leads o anuncios que ayuden a cumplir el objetivo trazado de la campa\u00f1a  Duraci\u00f3n de la campa\u00f1a mensual  Creaci\u00f3n de 3 anuncios por cada canal  Dise\u00f1o para red display proporcionado por el cliente  Video sencillo promocional\" \/>\n<meta property=\"og:url\" content=\"https:\/\/cossystem.com.mx\/index.php\/producto\/paquete-posicionamiento-emprendedor\/\" \/>\n<meta property=\"article:publisher\" content=\"https:\/\/www.facebook.com\/cossystem\/\" \/>\n<meta property=\"article:modified_time\" content=\"2020-08-12T04:48:04+00:00\" \/>\n<meta property=\"og:image\" content=\"https:\/\/cossystem.com.mx\/wp-content\/uploads\/2020\/08\/Marketing_Buscadores_V1.jpg\" \/>\n\t<meta property=\"og:image:width\" content=\"852\" \/>\n\t<meta property=\"og:image:height\" content=\"410\" \/>\n\t<meta property=\"og:image:type\" content=\"image\/jpeg\" \/>\n<meta name=\"twitter:card\" content=\"summary_large_image\" \/>\n<meta name=\"twitter:site\" content=\"@cossystem\" \/>\n<script type=\"application\/ld+json\" class=\"yoast-schema-graph\">{\"@context\":\"https:\/\/schema.org\",\"@graph\":[{\"@type\":\"WebPage\",\"@id\":\"https:\/\/cossystem.com.mx\/index.php\/producto\/paquete-posicionamiento-emprendedor\/\",\"url\":\"https:\/\/cossystem.com.mx\/index.php\/producto\/paquete-posicionamiento-emprendedor\/\",\"name\":\"Paquete Posicionamiento Emprendedor -\",\"isPartOf\":{\"@id\":\"https:\/\/cossystem.com.mx\/#website\"},\"primaryImageOfPage\":{\"@id\":\"https:\/\/cossystem.com.mx\/index.php\/producto\/paquete-posicionamiento-emprendedor\/#primaryimage\"},\"image\":{\"@id\":\"https:\/\/cossystem.com.mx\/index.php\/producto\/paquete-posicionamiento-emprendedor\/#primaryimage\"},\"thumbnailUrl\":\"https:\/\/cossystem.com.mx\/wp-content\/uploads\/2020\/08\/Marketing_Buscadores_V1.jpg\",\"datePublished\":\"2020-08-12T04:45:04+00:00\",\"dateModified\":\"2020-08-12T04:48:04+00:00\",\"breadcrumb\":{\"@id\":\"https:\/\/cossystem.com.mx\/index.php\/producto\/paquete-posicionamiento-emprendedor\/#breadcrumb\"},\"inLanguage\":\"es\",\"potentialAction\":[{\"@type\":\"ReadAction\",\"target\":[\"https:\/\/cossystem.com.mx\/index.php\/producto\/paquete-posicionamiento-emprendedor\/\"]}]},{\"@type\":\"ImageObject\",\"inLanguage\":\"es\",\"@id\":\"https:\/\/cossystem.com.mx\/index.php\/producto\/paquete-posicionamiento-emprendedor\/#primaryimage\",\"url\":\"https:\/\/cossystem.com.mx\/wp-content\/uploads\/2020\/08\/Marketing_Buscadores_V1.jpg\",\"contentUrl\":\"https:\/\/cossystem.com.mx\/wp-content\/uploads\/2020\/08\/Marketing_Buscadores_V1.jpg\",\"width\":852,\"height\":410,\"caption\":\"Digital Marketing with person using a laptop on a white table\"},{\"@type\":\"BreadcrumbList\",\"@id\":\"https:\/\/cossystem.com.mx\/index.php\/producto\/paquete-posicionamiento-emprendedor\/#breadcrumb\",\"itemListElement\":[{\"@type\":\"ListItem\",\"position\":1,\"name\":\"Home\",\"item\":\"https:\/\/cossystem.com.mx\/\"},{\"@type\":\"ListItem\",\"position\":2,\"name\":\"Tienda\",\"item\":\"https:\/\/cossystem.com.mx\/index.php\/tienda\/\"},{\"@type\":\"ListItem\",\"position\":3,\"name\":\"Paquete Posicionamiento Emprendedor\"}]},{\"@type\":\"WebSite\",\"@id\":\"https:\/\/cossystem.com.mx\/#website\",\"url\":\"https:\/\/cossystem.com.mx\/\",\"name\":\"cossystem\",\"description\":\"Cos System S.A de C.V\",\"publisher\":{\"@id\":\"https:\/\/cossystem.com.mx\/#organization\"},\"potentialAction\":[{\"@type\":\"SearchAction\",\"target\":{\"@type\":\"EntryPoint\",\"urlTemplate\":\"https:\/\/cossystem.com.mx\/?s={search_term_string}\"},\"query-input\":{\"@type\":\"PropertyValueSpecification\",\"valueRequired\":true,\"valueName\":\"search_term_string\"}}],\"inLanguage\":\"es\"},{\"@type\":\"Organization\",\"@id\":\"https:\/\/cossystem.com.mx\/#organization\",\"name\":\"cossystem s.a de c.v.\",\"url\":\"https:\/\/cossystem.com.mx\/\",\"logo\":{\"@type\":\"ImageObject\",\"inLanguage\":\"es\",\"@id\":\"https:\/\/cossystem.com.mx\/#\/schema\/logo\/image\/\",\"url\":\"https:\/\/cossystem.com.mx\/wp-content\/uploads\/2020\/05\/pag-logo-cossystem.png\",\"contentUrl\":\"https:\/\/cossystem.com.mx\/wp-content\/uploads\/2020\/05\/pag-logo-cossystem.png\",\"width\":1341,\"height\":243,\"caption\":\"cossystem s.a de c.v.\"},\"image\":{\"@id\":\"https:\/\/cossystem.com.mx\/#\/schema\/logo\/image\/\"},\"sameAs\":[\"https:\/\/www.facebook.com\/cossystem\/\",\"https:\/\/x.com\/cossystem\",\"https:\/\/www.instagram.com\/cossystem\/?hl=es-la\",\"https:\/\/www.linkedin.com\/in\/cossystem-s-a-b251901a6\/\",\"https:\/\/www.pinterest.com.mx\/cossystem\/\",\"https:\/\/www.youtube.com\/user\/cossystem\"]}]}<\/script>\n<!-- \/ Yoast SEO plugin. -->","yoast_head_json":{"title":"Paquete Posicionamiento Emprendedor -","robots":{"index":"index","follow":"follow","max-snippet":"max-snippet:-1","max-image-preview":"max-image-preview:large","max-video-preview":"max-video-preview:-1"},"canonical":"https:\/\/cossystem.com.mx\/index.php\/producto\/paquete-posicionamiento-emprendedor\/","og_locale":"es_ES","og_type":"article","og_title":"Paquete Posicionamiento Emprendedor -","og_description":"Publicidad en Red de b\u00fasqueda  Administraci\u00f3n de campa\u00f1a para garantizar salir en los primeros lugares de b\u00fasqueda  B\u00fasqueda de palabras que ayuden al posicionamiento  Creaci\u00f3n de leads o anuncios que ayuden a cumplir el objetivo trazado de la campa\u00f1a  Duraci\u00f3n de la campa\u00f1a mensual  Creaci\u00f3n de 3 anuncios por cada canal  Dise\u00f1o para red display proporcionado por el cliente  Video sencillo promocional","og_url":"https:\/\/cossystem.com.mx\/index.php\/producto\/paquete-posicionamiento-emprendedor\/","article_publisher":"https:\/\/www.facebook.com\/cossystem\/","article_modified_time":"2020-08-12T04:48:04+00:00","og_image":[{"width":852,"height":410,"url":"https:\/\/cossystem.com.mx\/wp-content\/uploads\/2020\/08\/Marketing_Buscadores_V1.jpg","type":"image\/jpeg"}],"twitter_card":"summary_large_image","twitter_site":"@cossystem","schema":{"@context":"https:\/\/schema.org","@graph":[{"@type":"WebPage","@id":"https:\/\/cossystem.com.mx\/index.php\/producto\/paquete-posicionamiento-emprendedor\/","url":"https:\/\/cossystem.com.mx\/index.php\/producto\/paquete-posicionamiento-emprendedor\/","name":"Paquete Posicionamiento Emprendedor -","isPartOf":{"@id":"https:\/\/cossystem.com.mx\/#website"},"primaryImageOfPage":{"@id":"https:\/\/cossystem.com.mx\/index.php\/producto\/paquete-posicionamiento-emprendedor\/#primaryimage"},"image":{"@id":"https:\/\/cossystem.com.mx\/index.php\/producto\/paquete-posicionamiento-emprendedor\/#primaryimage"},"thumbnailUrl":"https:\/\/cossystem.com.mx\/wp-content\/uploads\/2020\/08\/Marketing_Buscadores_V1.jpg","datePublished":"2020-08-12T04:45:04+00:00","dateModified":"2020-08-12T04:48:04+00:00","breadcrumb":{"@id":"https:\/\/cossystem.com.mx\/index.php\/producto\/paquete-posicionamiento-emprendedor\/#breadcrumb"},"inLanguage":"es","potentialAction":[{"@type":"ReadAction","target":["https:\/\/cossystem.com.mx\/index.php\/producto\/paquete-posicionamiento-emprendedor\/"]}]},{"@type":"ImageObject","inLanguage":"es","@id":"https:\/\/cossystem.com.mx\/index.php\/producto\/paquete-posicionamiento-emprendedor\/#primaryimage","url":"https:\/\/cossystem.com.mx\/wp-content\/uploads\/2020\/08\/Marketing_Buscadores_V1.jpg","contentUrl":"https:\/\/cossystem.com.mx\/wp-content\/uploads\/2020\/08\/Marketing_Buscadores_V1.jpg","width":852,"height":410,"caption":"Digital Marketing with person using a laptop on a white table"},{"@type":"BreadcrumbList","@id":"https:\/\/cossystem.com.mx\/index.php\/producto\/paquete-posicionamiento-emprendedor\/#breadcrumb","itemListElement":[{"@type":"ListItem","position":1,"name":"Home","item":"https:\/\/cossystem.com.mx\/"},{"@type":"ListItem","position":2,"name":"Tienda","item":"https:\/\/cossystem.com.mx\/index.php\/tienda\/"},{"@type":"ListItem","position":3,"name":"Paquete Posicionamiento Emprendedor"}]},{"@type":"WebSite","@id":"https:\/\/cossystem.com.mx\/#website","url":"https:\/\/cossystem.com.mx\/","name":"cossystem","description":"Cos System S.A de C.V","publisher":{"@id":"https:\/\/cossystem.com.mx\/#organization"},"potentialAction":[{"@type":"SearchAction","target":{"@type":"EntryPoint","urlTemplate":"https:\/\/cossystem.com.mx\/?s={search_term_string}"},"query-input":{"@type":"PropertyValueSpecification","valueRequired":true,"valueName":"search_term_string"}}],"inLanguage":"es"},{"@type":"Organization","@id":"https:\/\/cossystem.com.mx\/#organization","name":"cossystem s.a de c.v.","url":"https:\/\/cossystem.com.mx\/","logo":{"@type":"ImageObject","inLanguage":"es","@id":"https:\/\/cossystem.com.mx\/#\/schema\/logo\/image\/","url":"https:\/\/cossystem.com.mx\/wp-content\/uploads\/2020\/05\/pag-logo-cossystem.png","contentUrl":"https:\/\/cossystem.com.mx\/wp-content\/uploads\/2020\/05\/pag-logo-cossystem.png","width":1341,"height":243,"caption":"cossystem s.a de c.v."},"image":{"@id":"https:\/\/cossystem.com.mx\/#\/schema\/logo\/image\/"},"sameAs":["https:\/\/www.facebook.com\/cossystem\/","https:\/\/x.com\/cossystem","https:\/\/www.instagram.com\/cossystem\/?hl=es-la","https:\/\/www.linkedin.com\/in\/cossystem-s-a-b251901a6\/","https:\/\/www.pinterest.com.mx\/cossystem\/","https:\/\/www.youtube.com\/user\/cossystem"]}]}},"_links":{"self":[{"href":"https:\/\/cossystem.com.mx\/index.php\/wp-json\/wp\/v2\/product\/985","targetHints":{"allow":["GET"]}}],"collection":[{"href":"https:\/\/cossystem.com.mx\/index.php\/wp-json\/wp\/v2\/product"}],"about":[{"href":"https:\/\/cossystem.com.mx\/index.php\/wp-json\/wp\/v2\/types\/product"}],"replies":[{"embeddable":true,"href":"https:\/\/cossystem.com.mx\/index.php\/wp-json\/wp\/v2\/comments?post=985"}],"version-history":[{"count":1,"href":"https:\/\/cossystem.com.mx\/index.php\/wp-json\/wp\/v2\/product\/985\/revisions"}],"predecessor-version":[{"id":986,"href":"https:\/\/cossystem.com.mx\/index.php\/wp-json\/wp\/v2\/product\/985\/revisions\/986"}],"wp:featuredmedia":[{"embeddable":true,"href":"https:\/\/cossystem.com.mx\/index.php\/wp-json\/wp\/v2\/media\/954"}],"wp:attachment":[{"href":"https:\/\/cossystem.com.mx\/index.php\/wp-json\/wp\/v2\/media?parent=985"}],"wp:term":[{"taxonomy":"product_cat","embeddable":true,"href":"https:\/\/cossystem.com.mx\/index.php\/wp-json\/wp\/v2\/product_cat?post=985"},{"taxonomy":"product_tag","embeddable":true,"href":"https:\/\/cossystem.com.mx\/index.php\/wp-json\/wp\/v2\/product_tag?post=985"}],"curies":[{"name":"wp","href":"https:\/\/api.w.org\/{rel}","templated":true}]}}