{"id":971,"date":"2020-08-12T04:02:43","date_gmt":"2020-08-12T04:02:43","guid":{"rendered":"https:\/\/cossystem.com.mx\/?post_type=product&#038;p=971"},"modified":"2020-08-12T04:08:39","modified_gmt":"2020-08-12T04:08:39","slug":"paquete-seo-organico-basico","status":"publish","type":"product","link":"https:\/\/cossystem.com.mx\/index.php\/producto\/paquete-seo-organico-basico\/","title":{"rendered":"Paquete SEO Org\u00e1nico B\u00e1sico"},"content":{"rendered":"<p>Incluye:<\/p>\n<ul>\n<li>Creaci\u00f3n de perfiles para estar presente en los principales portales web<\/li>\n<li>Generaci\u00f3n de tr\u00e1fico de calidad a tu web<\/li>\n<li>Analizar y optimizar tus campa\u00f1as para conseguir los mejores resultados<\/li>\n<li>Estrategia basada en tres objetivos<\/li>\n<li>Creaci\u00f3n de contenido rentable para posicionamiento org\u00e1nico<\/li>\n<li>Colocaci\u00f3n de anuncios en sitios de prestigio<\/li>\n<li>Publicidad basada en relaciones publicas no anuncios<\/li>\n<\/ul>\n<p>Este Precio es Mensual &#8211; Contrataci\u00f3n m\u00ednima de 4 Meses<\/p>\n","protected":false},"excerpt":{"rendered":"<ul>\n<li>Creaci\u00f3n de perfiles para estar presente en los principales portales web<\/li>\n<li>Generaci\u00f3n de tr\u00e1fico de calidad a tu web<\/li>\n<li>Analizar y optimizar tus campa\u00f1as para conseguir los mejores resultados<\/li>\n<li>Estrategia basada en tres objetivos<\/li>\n<li>Creaci\u00f3n de contenido rentable para posicionamiento org\u00e1nico<\/li>\n<li>Colocaci\u00f3n de anuncios en sitios de prestigio<\/li>\n<li>Publicidad basada en relaciones publicas no anuncios<\/li>\n<\/ul>\n","protected":false},"featured_media":956,"comment_status":"open","ping_status":"closed","template":"","meta":{"site-sidebar-layout":"default","site-content-layout":"default","ast-site-content-layout":"","site-content-style":"default","site-sidebar-style":"default","ast-global-header-display":"","ast-banner-title-visibility":"","ast-main-header-display":"","ast-hfb-above-header-display":"","ast-hfb-below-header-display":"","ast-hfb-mobile-header-display":"","site-post-title":"","ast-breadcrumbs-content":"","ast-featured-img":"","footer-sml-layout":"","theme-transparent-header-meta":"default","adv-header-id-meta":"","stick-header-meta":"","header-above-stick-meta":"","header-main-stick-meta":"","header-below-stick-meta":"","astra-migrate-meta-layouts":"default","ast-page-background-enabled":"default","ast-page-background-meta":{"desktop":{"background-color":"","background-image":"","background-repeat":"repeat","background-position":"center center","background-size":"auto","background-attachment":"scroll","background-type":"","background-media":"","overlay-type":"","overlay-color":"","overlay-opacity":"","overlay-gradient":""},"tablet":{"background-color":"","background-image":"","background-repeat":"repeat","background-position":"center center","background-size":"auto","background-attachment":"scroll","background-type":"","background-media":"","overlay-type":"","overlay-color":"","overlay-opacity":"","overlay-gradient":""},"mobile":{"background-color":"","background-image":"","background-repeat":"repeat","background-position":"center center","background-size":"auto","background-attachment":"scroll","background-type":"","background-media":"","overlay-type":"","overlay-color":"","overlay-opacity":"","overlay-gradient":""}},"ast-content-background-meta":{"desktop":{"background-color":"var(--ast-global-color-5)","background-image":"","background-repeat":"repeat","background-position":"center center","background-size":"auto","background-attachment":"scroll","background-type":"","background-media":"","overlay-type":"","overlay-color":"","overlay-opacity":"","overlay-gradient":""},"tablet":{"background-color":"var(--ast-global-color-5)","background-image":"","background-repeat":"repeat","background-position":"center center","background-size":"auto","background-attachment":"scroll","background-type":"","background-media":"","overlay-type":"","overlay-color":"","overlay-opacity":"","overlay-gradient":""},"mobile":{"background-color":"var(--ast-global-color-5)","background-image":"","background-repeat":"repeat","background-position":"center center","background-size":"auto","background-attachment":"scroll","background-type":"","background-media":"","overlay-type":"","overlay-color":"","overlay-opacity":"","overlay-gradient":""}}},"product_cat":[61,63],"product_tag":[],"class_list":{"0":"post-971","1":"product","2":"type-product","3":"status-publish","4":"has-post-thumbnail","6":"product_cat-marketing","7":"product_cat-seo-organico","8":"desktop-align-left","9":"tablet-align-left","10":"mobile-align-left","12":"first","13":"instock","14":"sale","15":"purchasable","16":"product-type-simple"},"yoast_head":"<!-- This site is optimized with the Yoast SEO plugin v24.2 - https:\/\/yoast.com\/wordpress\/plugins\/seo\/ -->\n<title>Paquete SEO Org\u00e1nico B\u00e1sico -<\/title>\n<meta name=\"robots\" content=\"index, follow, max-snippet:-1, max-image-preview:large, max-video-preview:-1\" \/>\n<link rel=\"canonical\" href=\"https:\/\/cossystem.com.mx\/index.php\/producto\/paquete-seo-organico-basico\/\" \/>\n<meta property=\"og:locale\" content=\"es_ES\" \/>\n<meta property=\"og:type\" content=\"article\" \/>\n<meta property=\"og:title\" content=\"Paquete SEO Org\u00e1nico B\u00e1sico -\" \/>\n<meta property=\"og:description\" content=\"Creaci\u00f3n de perfiles para estar presente en los principales portales web  Generaci\u00f3n de tr\u00e1fico de calidad a tu web  Analizar y optimizar tus campa\u00f1as para conseguir los mejores resultados  Estrategia basada en tres objetivos  Creaci\u00f3n de contenido rentable para posicionamiento org\u00e1nico  Colocaci\u00f3n de anuncios en sitios de prestigio  Publicidad basada en relaciones publicas no anuncios\" \/>\n<meta property=\"og:url\" content=\"https:\/\/cossystem.com.mx\/index.php\/producto\/paquete-seo-organico-basico\/\" \/>\n<meta property=\"article:publisher\" content=\"https:\/\/www.facebook.com\/cossystem\/\" \/>\n<meta property=\"article:modified_time\" content=\"2020-08-12T04:08:39+00:00\" \/>\n<meta property=\"og:image\" content=\"https:\/\/cossystem.com.mx\/wp-content\/uploads\/2020\/08\/Marketing_Seo_V1.jpg\" \/>\n\t<meta property=\"og:image:width\" content=\"681\" \/>\n\t<meta property=\"og:image:height\" content=\"454\" \/>\n\t<meta property=\"og:image:type\" content=\"image\/jpeg\" \/>\n<meta name=\"twitter:card\" content=\"summary_large_image\" \/>\n<meta name=\"twitter:site\" content=\"@cossystem\" \/>\n<script type=\"application\/ld+json\" class=\"yoast-schema-graph\">{\"@context\":\"https:\/\/schema.org\",\"@graph\":[{\"@type\":\"WebPage\",\"@id\":\"https:\/\/cossystem.com.mx\/index.php\/producto\/paquete-seo-organico-basico\/\",\"url\":\"https:\/\/cossystem.com.mx\/index.php\/producto\/paquete-seo-organico-basico\/\",\"name\":\"Paquete SEO Org\u00e1nico B\u00e1sico -\",\"isPartOf\":{\"@id\":\"https:\/\/cossystem.com.mx\/#website\"},\"primaryImageOfPage\":{\"@id\":\"https:\/\/cossystem.com.mx\/index.php\/producto\/paquete-seo-organico-basico\/#primaryimage\"},\"image\":{\"@id\":\"https:\/\/cossystem.com.mx\/index.php\/producto\/paquete-seo-organico-basico\/#primaryimage\"},\"thumbnailUrl\":\"https:\/\/cossystem.com.mx\/wp-content\/uploads\/2020\/08\/Marketing_Seo_V1.jpg\",\"datePublished\":\"2020-08-12T04:02:43+00:00\",\"dateModified\":\"2020-08-12T04:08:39+00:00\",\"breadcrumb\":{\"@id\":\"https:\/\/cossystem.com.mx\/index.php\/producto\/paquete-seo-organico-basico\/#breadcrumb\"},\"inLanguage\":\"es\",\"potentialAction\":[{\"@type\":\"ReadAction\",\"target\":[\"https:\/\/cossystem.com.mx\/index.php\/producto\/paquete-seo-organico-basico\/\"]}]},{\"@type\":\"ImageObject\",\"inLanguage\":\"es\",\"@id\":\"https:\/\/cossystem.com.mx\/index.php\/producto\/paquete-seo-organico-basico\/#primaryimage\",\"url\":\"https:\/\/cossystem.com.mx\/wp-content\/uploads\/2020\/08\/Marketing_Seo_V1.jpg\",\"contentUrl\":\"https:\/\/cossystem.com.mx\/wp-content\/uploads\/2020\/08\/Marketing_Seo_V1.jpg\",\"width\":681,\"height\":454},{\"@type\":\"BreadcrumbList\",\"@id\":\"https:\/\/cossystem.com.mx\/index.php\/producto\/paquete-seo-organico-basico\/#breadcrumb\",\"itemListElement\":[{\"@type\":\"ListItem\",\"position\":1,\"name\":\"Home\",\"item\":\"https:\/\/cossystem.com.mx\/\"},{\"@type\":\"ListItem\",\"position\":2,\"name\":\"Tienda\",\"item\":\"https:\/\/cossystem.com.mx\/index.php\/tienda\/\"},{\"@type\":\"ListItem\",\"position\":3,\"name\":\"Paquete SEO Org\u00e1nico B\u00e1sico\"}]},{\"@type\":\"WebSite\",\"@id\":\"https:\/\/cossystem.com.mx\/#website\",\"url\":\"https:\/\/cossystem.com.mx\/\",\"name\":\"cossystem\",\"description\":\"Cos System S.A de C.V\",\"publisher\":{\"@id\":\"https:\/\/cossystem.com.mx\/#organization\"},\"potentialAction\":[{\"@type\":\"SearchAction\",\"target\":{\"@type\":\"EntryPoint\",\"urlTemplate\":\"https:\/\/cossystem.com.mx\/?s={search_term_string}\"},\"query-input\":{\"@type\":\"PropertyValueSpecification\",\"valueRequired\":true,\"valueName\":\"search_term_string\"}}],\"inLanguage\":\"es\"},{\"@type\":\"Organization\",\"@id\":\"https:\/\/cossystem.com.mx\/#organization\",\"name\":\"cossystem s.a de c.v.\",\"url\":\"https:\/\/cossystem.com.mx\/\",\"logo\":{\"@type\":\"ImageObject\",\"inLanguage\":\"es\",\"@id\":\"https:\/\/cossystem.com.mx\/#\/schema\/logo\/image\/\",\"url\":\"https:\/\/cossystem.com.mx\/wp-content\/uploads\/2020\/05\/pag-logo-cossystem.png\",\"contentUrl\":\"https:\/\/cossystem.com.mx\/wp-content\/uploads\/2020\/05\/pag-logo-cossystem.png\",\"width\":1341,\"height\":243,\"caption\":\"cossystem s.a de c.v.\"},\"image\":{\"@id\":\"https:\/\/cossystem.com.mx\/#\/schema\/logo\/image\/\"},\"sameAs\":[\"https:\/\/www.facebook.com\/cossystem\/\",\"https:\/\/x.com\/cossystem\",\"https:\/\/www.instagram.com\/cossystem\/?hl=es-la\",\"https:\/\/www.linkedin.com\/in\/cossystem-s-a-b251901a6\/\",\"https:\/\/www.pinterest.com.mx\/cossystem\/\",\"https:\/\/www.youtube.com\/user\/cossystem\"]}]}<\/script>\n<!-- \/ Yoast SEO plugin. -->","yoast_head_json":{"title":"Paquete SEO Org\u00e1nico B\u00e1sico -","robots":{"index":"index","follow":"follow","max-snippet":"max-snippet:-1","max-image-preview":"max-image-preview:large","max-video-preview":"max-video-preview:-1"},"canonical":"https:\/\/cossystem.com.mx\/index.php\/producto\/paquete-seo-organico-basico\/","og_locale":"es_ES","og_type":"article","og_title":"Paquete SEO Org\u00e1nico B\u00e1sico -","og_description":"Creaci\u00f3n de perfiles para estar presente en los principales portales web  Generaci\u00f3n de tr\u00e1fico de calidad a tu web  Analizar y optimizar tus campa\u00f1as para conseguir los mejores resultados  Estrategia basada en tres objetivos  Creaci\u00f3n de contenido rentable para posicionamiento org\u00e1nico  Colocaci\u00f3n de anuncios en sitios de prestigio  Publicidad basada en relaciones publicas no anuncios","og_url":"https:\/\/cossystem.com.mx\/index.php\/producto\/paquete-seo-organico-basico\/","article_publisher":"https:\/\/www.facebook.com\/cossystem\/","article_modified_time":"2020-08-12T04:08:39+00:00","og_image":[{"width":681,"height":454,"url":"https:\/\/cossystem.com.mx\/wp-content\/uploads\/2020\/08\/Marketing_Seo_V1.jpg","type":"image\/jpeg"}],"twitter_card":"summary_large_image","twitter_site":"@cossystem","schema":{"@context":"https:\/\/schema.org","@graph":[{"@type":"WebPage","@id":"https:\/\/cossystem.com.mx\/index.php\/producto\/paquete-seo-organico-basico\/","url":"https:\/\/cossystem.com.mx\/index.php\/producto\/paquete-seo-organico-basico\/","name":"Paquete SEO Org\u00e1nico B\u00e1sico -","isPartOf":{"@id":"https:\/\/cossystem.com.mx\/#website"},"primaryImageOfPage":{"@id":"https:\/\/cossystem.com.mx\/index.php\/producto\/paquete-seo-organico-basico\/#primaryimage"},"image":{"@id":"https:\/\/cossystem.com.mx\/index.php\/producto\/paquete-seo-organico-basico\/#primaryimage"},"thumbnailUrl":"https:\/\/cossystem.com.mx\/wp-content\/uploads\/2020\/08\/Marketing_Seo_V1.jpg","datePublished":"2020-08-12T04:02:43+00:00","dateModified":"2020-08-12T04:08:39+00:00","breadcrumb":{"@id":"https:\/\/cossystem.com.mx\/index.php\/producto\/paquete-seo-organico-basico\/#breadcrumb"},"inLanguage":"es","potentialAction":[{"@type":"ReadAction","target":["https:\/\/cossystem.com.mx\/index.php\/producto\/paquete-seo-organico-basico\/"]}]},{"@type":"ImageObject","inLanguage":"es","@id":"https:\/\/cossystem.com.mx\/index.php\/producto\/paquete-seo-organico-basico\/#primaryimage","url":"https:\/\/cossystem.com.mx\/wp-content\/uploads\/2020\/08\/Marketing_Seo_V1.jpg","contentUrl":"https:\/\/cossystem.com.mx\/wp-content\/uploads\/2020\/08\/Marketing_Seo_V1.jpg","width":681,"height":454},{"@type":"BreadcrumbList","@id":"https:\/\/cossystem.com.mx\/index.php\/producto\/paquete-seo-organico-basico\/#breadcrumb","itemListElement":[{"@type":"ListItem","position":1,"name":"Home","item":"https:\/\/cossystem.com.mx\/"},{"@type":"ListItem","position":2,"name":"Tienda","item":"https:\/\/cossystem.com.mx\/index.php\/tienda\/"},{"@type":"ListItem","position":3,"name":"Paquete SEO Org\u00e1nico B\u00e1sico"}]},{"@type":"WebSite","@id":"https:\/\/cossystem.com.mx\/#website","url":"https:\/\/cossystem.com.mx\/","name":"cossystem","description":"Cos System S.A de C.V","publisher":{"@id":"https:\/\/cossystem.com.mx\/#organization"},"potentialAction":[{"@type":"SearchAction","target":{"@type":"EntryPoint","urlTemplate":"https:\/\/cossystem.com.mx\/?s={search_term_string}"},"query-input":{"@type":"PropertyValueSpecification","valueRequired":true,"valueName":"search_term_string"}}],"inLanguage":"es"},{"@type":"Organization","@id":"https:\/\/cossystem.com.mx\/#organization","name":"cossystem s.a de c.v.","url":"https:\/\/cossystem.com.mx\/","logo":{"@type":"ImageObject","inLanguage":"es","@id":"https:\/\/cossystem.com.mx\/#\/schema\/logo\/image\/","url":"https:\/\/cossystem.com.mx\/wp-content\/uploads\/2020\/05\/pag-logo-cossystem.png","contentUrl":"https:\/\/cossystem.com.mx\/wp-content\/uploads\/2020\/05\/pag-logo-cossystem.png","width":1341,"height":243,"caption":"cossystem s.a de c.v."},"image":{"@id":"https:\/\/cossystem.com.mx\/#\/schema\/logo\/image\/"},"sameAs":["https:\/\/www.facebook.com\/cossystem\/","https:\/\/x.com\/cossystem","https:\/\/www.instagram.com\/cossystem\/?hl=es-la","https:\/\/www.linkedin.com\/in\/cossystem-s-a-b251901a6\/","https:\/\/www.pinterest.com.mx\/cossystem\/","https:\/\/www.youtube.com\/user\/cossystem"]}]}},"_links":{"self":[{"href":"https:\/\/cossystem.com.mx\/index.php\/wp-json\/wp\/v2\/product\/971","targetHints":{"allow":["GET"]}}],"collection":[{"href":"https:\/\/cossystem.com.mx\/index.php\/wp-json\/wp\/v2\/product"}],"about":[{"href":"https:\/\/cossystem.com.mx\/index.php\/wp-json\/wp\/v2\/types\/product"}],"replies":[{"embeddable":true,"href":"https:\/\/cossystem.com.mx\/index.php\/wp-json\/wp\/v2\/comments?post=971"}],"version-history":[{"count":1,"href":"https:\/\/cossystem.com.mx\/index.php\/wp-json\/wp\/v2\/product\/971\/revisions"}],"predecessor-version":[{"id":972,"href":"https:\/\/cossystem.com.mx\/index.php\/wp-json\/wp\/v2\/product\/971\/revisions\/972"}],"wp:featuredmedia":[{"embeddable":true,"href":"https:\/\/cossystem.com.mx\/index.php\/wp-json\/wp\/v2\/media\/956"}],"wp:attachment":[{"href":"https:\/\/cossystem.com.mx\/index.php\/wp-json\/wp\/v2\/media?parent=971"}],"wp:term":[{"taxonomy":"product_cat","embeddable":true,"href":"https:\/\/cossystem.com.mx\/index.php\/wp-json\/wp\/v2\/product_cat?post=971"},{"taxonomy":"product_tag","embeddable":true,"href":"https:\/\/cossystem.com.mx\/index.php\/wp-json\/wp\/v2\/product_tag?post=971"}],"curies":[{"name":"wp","href":"https:\/\/api.w.org\/{rel}","templated":true}]}}