{"id":827,"date":"2020-08-02T01:01:10","date_gmt":"2020-08-02T01:01:10","guid":{"rendered":"https:\/\/cossystem.com.mx\/?post_type=product&#038;p=827"},"modified":"2025-11-04T15:31:57","modified_gmt":"2025-11-04T15:31:57","slug":"pagina-web-emprendedor","status":"publish","type":"product","link":"https:\/\/cossystem.com.mx\/index.php\/producto\/pagina-web-emprendedor\/","title":{"rendered":"P\u00e1gina Web Emprendedor"},"content":{"rendered":"<p>Incluye:<\/p>\n<ul>\n<li><strong>8 secciones en HTML5 b\u00e1sico (una cuartilla por secci\u00f3n)<\/strong><\/li>\n<li><strong>10 cuentas de correo electr\u00f3nico con 500MB de almacenamiento c\/u<\/strong><\/li>\n<li><strong>50 fotograf\u00edas<\/strong><\/li>\n<li><strong>12 im\u00e1genes de nuestro stock<\/strong><\/li>\n<li><strong>1 Animaci\u00f3n Slider 3 Im\u00e1genes<\/strong><\/li>\n<li><strong>1 icono de WhatsApp \u00f3 Chat<\/strong><\/li>\n<li>Hospedaje Web GRATIS por 1 a\u00f1o con 5000MB de transferencia mensual<\/li>\n<li>Dise\u00f1o de P\u00e1gina Web original y personalizado de acuerdo a tu giro \/ NO PLANTILLAS<\/li>\n<li>ADAPTABLE en dispositivos m\u00f3viles, smartphones, tablets \/ RESPONSIVA<\/li>\n<li>Dominio .com GRATIS por 1 a\u00f1o (www.tunombrededominio.com)<\/li>\n<li>Links a redes sociales (Facebook, Instagram, etc.)<\/li>\n<li>formulario de contacto<\/li>\n<li>mapa de GOOGLE<\/li>\n<li>Alta en el buscador GOOGLE<\/li>\n<li>Actualizaciones parciales 1 vez al mes durante 12 meses<\/li>\n<li>Soporte t\u00e9cnico 24\/7 v\u00eda correo electr\u00f3nico<\/li>\n<\/ul>\n","protected":false},"excerpt":{"rendered":"[embed]https:\/\/youtu.be\/F5RIctfitDo[\/embed]\n<ul>\n<li><strong>8 secciones en HTML5 b\u00e1sico (una cuartilla por secci\u00f3n)<\/strong><\/li>\n<li><strong>10 cuentas de correo electr\u00f3nico con 500MB de almacenamiento c\/u<\/strong><\/li>\n<li><strong>50 fotograf\u00edas<\/strong><\/li>\n<li><strong>12 im\u00e1genes de nuestro stock<\/strong><\/li>\n<li><strong>1 Animaci\u00f3n Slider 3 Im\u00e1genes<\/strong><\/li>\n<li><strong>1 icono de WhatsApp \u00f3 Chat<\/strong><\/li>\n<\/ul>\n","protected":false},"featured_media":813,"comment_status":"open","ping_status":"closed","template":"","meta":{"site-sidebar-layout":"default","site-content-layout":"default","ast-site-content-layout":"","site-content-style":"default","site-sidebar-style":"default","ast-global-header-display":"","ast-banner-title-visibility":"","ast-main-header-display":"","ast-hfb-above-header-display":"","ast-hfb-below-header-display":"","ast-hfb-mobile-header-display":"","site-post-title":"","ast-breadcrumbs-content":"","ast-featured-img":"","footer-sml-layout":"","theme-transparent-header-meta":"default","adv-header-id-meta":"","stick-header-meta":"","header-above-stick-meta":"","header-main-stick-meta":"","header-below-stick-meta":"","astra-migrate-meta-layouts":"default","ast-page-background-enabled":"default","ast-page-background-meta":{"desktop":{"background-color":"","background-image":"","background-repeat":"repeat","background-position":"center center","background-size":"auto","background-attachment":"scroll","background-type":"","background-media":"","overlay-type":"","overlay-color":"","overlay-opacity":"","overlay-gradient":""},"tablet":{"background-color":"","background-image":"","background-repeat":"repeat","background-position":"center center","background-size":"auto","background-attachment":"scroll","background-type":"","background-media":"","overlay-type":"","overlay-color":"","overlay-opacity":"","overlay-gradient":""},"mobile":{"background-color":"","background-image":"","background-repeat":"repeat","background-position":"center center","background-size":"auto","background-attachment":"scroll","background-type":"","background-media":"","overlay-type":"","overlay-color":"","overlay-opacity":"","overlay-gradient":""}},"ast-content-background-meta":{"desktop":{"background-color":"var(--ast-global-color-5)","background-image":"","background-repeat":"repeat","background-position":"center center","background-size":"auto","background-attachment":"scroll","background-type":"","background-media":"","overlay-type":"","overlay-color":"","overlay-opacity":"","overlay-gradient":""},"tablet":{"background-color":"var(--ast-global-color-5)","background-image":"","background-repeat":"repeat","background-position":"center center","background-size":"auto","background-attachment":"scroll","background-type":"","background-media":"","overlay-type":"","overlay-color":"","overlay-opacity":"","overlay-gradient":""},"mobile":{"background-color":"var(--ast-global-color-5)","background-image":"","background-repeat":"repeat","background-position":"center center","background-size":"auto","background-attachment":"scroll","background-type":"","background-media":"","overlay-type":"","overlay-color":"","overlay-opacity":"","overlay-gradient":""}}},"product_cat":[52,53],"product_tag":[],"class_list":{"0":"post-827","1":"product","2":"type-product","3":"status-publish","4":"has-post-thumbnail","6":"product_cat-diseno-web","7":"product_cat-paginas-web","8":"desktop-align-left","9":"tablet-align-left","10":"mobile-align-left","12":"first","13":"instock","14":"sale","15":"purchasable","16":"product-type-simple"},"yoast_head":"<!-- This site is optimized with the Yoast SEO plugin v24.2 - https:\/\/yoast.com\/wordpress\/plugins\/seo\/ -->\n<title>P\u00e1gina Web Emprendedor -<\/title>\n<meta name=\"robots\" content=\"index, follow, max-snippet:-1, max-image-preview:large, max-video-preview:-1\" \/>\n<link rel=\"canonical\" href=\"https:\/\/cossystem.com.mx\/index.php\/producto\/pagina-web-emprendedor\/\" \/>\n<meta property=\"og:locale\" content=\"es_ES\" \/>\n<meta property=\"og:type\" content=\"article\" \/>\n<meta property=\"og:title\" content=\"P\u00e1gina Web Emprendedor -\" \/>\n<meta property=\"og:description\" content=\"8 secciones en HTML5 b\u00e1sico (una cuartilla por secci\u00f3n)  10 cuentas de correo electr\u00f3nico con 500MB de almacenamiento c\/u  50 fotograf\u00edas  12 im\u00e1genes de nuestro stock  1 Animaci\u00f3n Slider 3 Im\u00e1genes  1 icono de WhatsApp \u00f3 Chat\" \/>\n<meta property=\"og:url\" content=\"https:\/\/cossystem.com.mx\/index.php\/producto\/pagina-web-emprendedor\/\" \/>\n<meta property=\"article:publisher\" content=\"https:\/\/www.facebook.com\/cossystem\/\" \/>\n<meta property=\"article:modified_time\" content=\"2025-11-04T15:31:57+00:00\" \/>\n<meta property=\"og:image\" content=\"https:\/\/cossystem.com.mx\/wp-content\/uploads\/2020\/08\/TiendaEnLinea_v2.4.png\" \/>\n\t<meta property=\"og:image:width\" content=\"300\" \/>\n\t<meta property=\"og:image:height\" content=\"301\" \/>\n\t<meta property=\"og:image:type\" content=\"image\/png\" \/>\n<meta name=\"twitter:card\" content=\"summary_large_image\" \/>\n<meta name=\"twitter:site\" content=\"@cossystem\" \/>\n<meta name=\"twitter:label1\" content=\"Tiempo de lectura\" \/>\n\t<meta name=\"twitter:data1\" content=\"1 minuto\" \/>\n<script type=\"application\/ld+json\" class=\"yoast-schema-graph\">{\"@context\":\"https:\/\/schema.org\",\"@graph\":[{\"@type\":\"WebPage\",\"@id\":\"https:\/\/cossystem.com.mx\/index.php\/producto\/pagina-web-emprendedor\/\",\"url\":\"https:\/\/cossystem.com.mx\/index.php\/producto\/pagina-web-emprendedor\/\",\"name\":\"P\u00e1gina Web Emprendedor -\",\"isPartOf\":{\"@id\":\"https:\/\/cossystem.com.mx\/#website\"},\"primaryImageOfPage\":{\"@id\":\"https:\/\/cossystem.com.mx\/index.php\/producto\/pagina-web-emprendedor\/#primaryimage\"},\"image\":{\"@id\":\"https:\/\/cossystem.com.mx\/index.php\/producto\/pagina-web-emprendedor\/#primaryimage\"},\"thumbnailUrl\":\"https:\/\/cossystem.com.mx\/wp-content\/uploads\/2020\/08\/TiendaEnLinea_v2.4.png\",\"datePublished\":\"2020-08-02T01:01:10+00:00\",\"dateModified\":\"2025-11-04T15:31:57+00:00\",\"breadcrumb\":{\"@id\":\"https:\/\/cossystem.com.mx\/index.php\/producto\/pagina-web-emprendedor\/#breadcrumb\"},\"inLanguage\":\"es\",\"potentialAction\":[{\"@type\":\"ReadAction\",\"target\":[\"https:\/\/cossystem.com.mx\/index.php\/producto\/pagina-web-emprendedor\/\"]}]},{\"@type\":\"ImageObject\",\"inLanguage\":\"es\",\"@id\":\"https:\/\/cossystem.com.mx\/index.php\/producto\/pagina-web-emprendedor\/#primaryimage\",\"url\":\"https:\/\/cossystem.com.mx\/wp-content\/uploads\/2020\/08\/TiendaEnLinea_v2.4.png\",\"contentUrl\":\"https:\/\/cossystem.com.mx\/wp-content\/uploads\/2020\/08\/TiendaEnLinea_v2.4.png\",\"width\":300,\"height\":301},{\"@type\":\"BreadcrumbList\",\"@id\":\"https:\/\/cossystem.com.mx\/index.php\/producto\/pagina-web-emprendedor\/#breadcrumb\",\"itemListElement\":[{\"@type\":\"ListItem\",\"position\":1,\"name\":\"Home\",\"item\":\"https:\/\/cossystem.com.mx\/\"},{\"@type\":\"ListItem\",\"position\":2,\"name\":\"Tienda\",\"item\":\"https:\/\/cossystem.com.mx\/index.php\/tienda\/\"},{\"@type\":\"ListItem\",\"position\":3,\"name\":\"P\u00e1gina Web Emprendedor\"}]},{\"@type\":\"WebSite\",\"@id\":\"https:\/\/cossystem.com.mx\/#website\",\"url\":\"https:\/\/cossystem.com.mx\/\",\"name\":\"cossystem\",\"description\":\"Cos System S.A de C.V\",\"publisher\":{\"@id\":\"https:\/\/cossystem.com.mx\/#organization\"},\"potentialAction\":[{\"@type\":\"SearchAction\",\"target\":{\"@type\":\"EntryPoint\",\"urlTemplate\":\"https:\/\/cossystem.com.mx\/?s={search_term_string}\"},\"query-input\":{\"@type\":\"PropertyValueSpecification\",\"valueRequired\":true,\"valueName\":\"search_term_string\"}}],\"inLanguage\":\"es\"},{\"@type\":\"Organization\",\"@id\":\"https:\/\/cossystem.com.mx\/#organization\",\"name\":\"cossystem s.a de c.v.\",\"url\":\"https:\/\/cossystem.com.mx\/\",\"logo\":{\"@type\":\"ImageObject\",\"inLanguage\":\"es\",\"@id\":\"https:\/\/cossystem.com.mx\/#\/schema\/logo\/image\/\",\"url\":\"https:\/\/cossystem.com.mx\/wp-content\/uploads\/2020\/05\/pag-logo-cossystem.png\",\"contentUrl\":\"https:\/\/cossystem.com.mx\/wp-content\/uploads\/2020\/05\/pag-logo-cossystem.png\",\"width\":1341,\"height\":243,\"caption\":\"cossystem s.a de c.v.\"},\"image\":{\"@id\":\"https:\/\/cossystem.com.mx\/#\/schema\/logo\/image\/\"},\"sameAs\":[\"https:\/\/www.facebook.com\/cossystem\/\",\"https:\/\/x.com\/cossystem\",\"https:\/\/www.instagram.com\/cossystem\/?hl=es-la\",\"https:\/\/www.linkedin.com\/in\/cossystem-s-a-b251901a6\/\",\"https:\/\/www.pinterest.com.mx\/cossystem\/\",\"https:\/\/www.youtube.com\/user\/cossystem\"]}]}<\/script>\n<!-- \/ Yoast SEO plugin. -->","yoast_head_json":{"title":"P\u00e1gina Web Emprendedor -","robots":{"index":"index","follow":"follow","max-snippet":"max-snippet:-1","max-image-preview":"max-image-preview:large","max-video-preview":"max-video-preview:-1"},"canonical":"https:\/\/cossystem.com.mx\/index.php\/producto\/pagina-web-emprendedor\/","og_locale":"es_ES","og_type":"article","og_title":"P\u00e1gina Web Emprendedor -","og_description":"8 secciones en HTML5 b\u00e1sico (una cuartilla por secci\u00f3n)  10 cuentas de correo electr\u00f3nico con 500MB de almacenamiento c\/u  50 fotograf\u00edas  12 im\u00e1genes de nuestro stock  1 Animaci\u00f3n Slider 3 Im\u00e1genes  1 icono de WhatsApp \u00f3 Chat","og_url":"https:\/\/cossystem.com.mx\/index.php\/producto\/pagina-web-emprendedor\/","article_publisher":"https:\/\/www.facebook.com\/cossystem\/","article_modified_time":"2025-11-04T15:31:57+00:00","og_image":[{"width":300,"height":301,"url":"https:\/\/cossystem.com.mx\/wp-content\/uploads\/2020\/08\/TiendaEnLinea_v2.4.png","type":"image\/png"}],"twitter_card":"summary_large_image","twitter_site":"@cossystem","twitter_misc":{"Tiempo de lectura":"1 minuto"},"schema":{"@context":"https:\/\/schema.org","@graph":[{"@type":"WebPage","@id":"https:\/\/cossystem.com.mx\/index.php\/producto\/pagina-web-emprendedor\/","url":"https:\/\/cossystem.com.mx\/index.php\/producto\/pagina-web-emprendedor\/","name":"P\u00e1gina Web Emprendedor -","isPartOf":{"@id":"https:\/\/cossystem.com.mx\/#website"},"primaryImageOfPage":{"@id":"https:\/\/cossystem.com.mx\/index.php\/producto\/pagina-web-emprendedor\/#primaryimage"},"image":{"@id":"https:\/\/cossystem.com.mx\/index.php\/producto\/pagina-web-emprendedor\/#primaryimage"},"thumbnailUrl":"https:\/\/cossystem.com.mx\/wp-content\/uploads\/2020\/08\/TiendaEnLinea_v2.4.png","datePublished":"2020-08-02T01:01:10+00:00","dateModified":"2025-11-04T15:31:57+00:00","breadcrumb":{"@id":"https:\/\/cossystem.com.mx\/index.php\/producto\/pagina-web-emprendedor\/#breadcrumb"},"inLanguage":"es","potentialAction":[{"@type":"ReadAction","target":["https:\/\/cossystem.com.mx\/index.php\/producto\/pagina-web-emprendedor\/"]}]},{"@type":"ImageObject","inLanguage":"es","@id":"https:\/\/cossystem.com.mx\/index.php\/producto\/pagina-web-emprendedor\/#primaryimage","url":"https:\/\/cossystem.com.mx\/wp-content\/uploads\/2020\/08\/TiendaEnLinea_v2.4.png","contentUrl":"https:\/\/cossystem.com.mx\/wp-content\/uploads\/2020\/08\/TiendaEnLinea_v2.4.png","width":300,"height":301},{"@type":"BreadcrumbList","@id":"https:\/\/cossystem.com.mx\/index.php\/producto\/pagina-web-emprendedor\/#breadcrumb","itemListElement":[{"@type":"ListItem","position":1,"name":"Home","item":"https:\/\/cossystem.com.mx\/"},{"@type":"ListItem","position":2,"name":"Tienda","item":"https:\/\/cossystem.com.mx\/index.php\/tienda\/"},{"@type":"ListItem","position":3,"name":"P\u00e1gina Web Emprendedor"}]},{"@type":"WebSite","@id":"https:\/\/cossystem.com.mx\/#website","url":"https:\/\/cossystem.com.mx\/","name":"cossystem","description":"Cos System S.A de C.V","publisher":{"@id":"https:\/\/cossystem.com.mx\/#organization"},"potentialAction":[{"@type":"SearchAction","target":{"@type":"EntryPoint","urlTemplate":"https:\/\/cossystem.com.mx\/?s={search_term_string}"},"query-input":{"@type":"PropertyValueSpecification","valueRequired":true,"valueName":"search_term_string"}}],"inLanguage":"es"},{"@type":"Organization","@id":"https:\/\/cossystem.com.mx\/#organization","name":"cossystem s.a de c.v.","url":"https:\/\/cossystem.com.mx\/","logo":{"@type":"ImageObject","inLanguage":"es","@id":"https:\/\/cossystem.com.mx\/#\/schema\/logo\/image\/","url":"https:\/\/cossystem.com.mx\/wp-content\/uploads\/2020\/05\/pag-logo-cossystem.png","contentUrl":"https:\/\/cossystem.com.mx\/wp-content\/uploads\/2020\/05\/pag-logo-cossystem.png","width":1341,"height":243,"caption":"cossystem s.a de c.v."},"image":{"@id":"https:\/\/cossystem.com.mx\/#\/schema\/logo\/image\/"},"sameAs":["https:\/\/www.facebook.com\/cossystem\/","https:\/\/x.com\/cossystem","https:\/\/www.instagram.com\/cossystem\/?hl=es-la","https:\/\/www.linkedin.com\/in\/cossystem-s-a-b251901a6\/","https:\/\/www.pinterest.com.mx\/cossystem\/","https:\/\/www.youtube.com\/user\/cossystem"]}]}},"_links":{"self":[{"href":"https:\/\/cossystem.com.mx\/index.php\/wp-json\/wp\/v2\/product\/827","targetHints":{"allow":["GET"]}}],"collection":[{"href":"https:\/\/cossystem.com.mx\/index.php\/wp-json\/wp\/v2\/product"}],"about":[{"href":"https:\/\/cossystem.com.mx\/index.php\/wp-json\/wp\/v2\/types\/product"}],"replies":[{"embeddable":true,"href":"https:\/\/cossystem.com.mx\/index.php\/wp-json\/wp\/v2\/comments?post=827"}],"version-history":[{"count":1,"href":"https:\/\/cossystem.com.mx\/index.php\/wp-json\/wp\/v2\/product\/827\/revisions"}],"predecessor-version":[{"id":828,"href":"https:\/\/cossystem.com.mx\/index.php\/wp-json\/wp\/v2\/product\/827\/revisions\/828"}],"wp:featuredmedia":[{"embeddable":true,"href":"https:\/\/cossystem.com.mx\/index.php\/wp-json\/wp\/v2\/media\/813"}],"wp:attachment":[{"href":"https:\/\/cossystem.com.mx\/index.php\/wp-json\/wp\/v2\/media?parent=827"}],"wp:term":[{"taxonomy":"product_cat","embeddable":true,"href":"https:\/\/cossystem.com.mx\/index.php\/wp-json\/wp\/v2\/product_cat?post=827"},{"taxonomy":"product_tag","embeddable":true,"href":"https:\/\/cossystem.com.mx\/index.php\/wp-json\/wp\/v2\/product_tag?post=827"}],"curies":[{"name":"wp","href":"https:\/\/api.w.org\/{rel}","templated":true}]}}