{"id":149,"date":"2020-05-19T18:13:09","date_gmt":"2020-05-19T18:13:09","guid":{"rendered":"https:\/\/d1.cossystem.com.mx\/?page_id=149"},"modified":"2020-05-26T22:27:50","modified_gmt":"2020-05-26T22:27:50","slug":"consultoria-informatica","status":"publish","type":"page","link":"https:\/\/cossystem.com.mx\/index.php\/consultoria-informatica\/","title":{"rendered":"Consultor\u00eda | Inform\u00e1tica"},"content":{"rendered":"\t\t<div data-elementor-type=\"wp-page\" data-elementor-id=\"149\" class=\"elementor elementor-149\" data-elementor-post-type=\"page\">\n\t\t\t\t\t\t<section class=\"elementor-section elementor-top-section elementor-element elementor-element-2bfdf5d1 elementor-section-content-middle elementor-reverse-mobile elementor-section-boxed elementor-section-height-default elementor-section-height-default\" data-id=\"2bfdf5d1\" data-element_type=\"section\">\n\t\t\t\t\t\t<div class=\"elementor-container elementor-column-gap-no\">\n\t\t\t\t\t<div class=\"elementor-column elementor-col-50 elementor-top-column elementor-element elementor-element-5dea21b6\" data-id=\"5dea21b6\" data-element_type=\"column\">\n\t\t\t<div class=\"elementor-widget-wrap elementor-element-populated\">\n\t\t\t\t\t\t<div class=\"elementor-element elementor-element-47eb8328 elementor-widget elementor-widget-heading\" data-id=\"47eb8328\" data-element_type=\"widget\" data-widget_type=\"heading.default\">\n\t\t\t\t<div class=\"elementor-widget-container\">\n\t\t\t\t\t<h3 class=\"elementor-heading-title elementor-size-default\">Consultor\u00eda inform\u00e1tica<\/h3>\t\t\t\t<\/div>\n\t\t\t\t<\/div>\n\t\t\t\t<div class=\"elementor-element elementor-element-fac2d51 elementor-widget elementor-widget-text-editor\" data-id=\"fac2d51\" data-element_type=\"widget\" data-widget_type=\"text-editor.default\">\n\t\t\t\t<div class=\"elementor-widget-container\">\n\t\t\t\t\t\t\t\t\tAhora es el momento del cambio en su forma de trabajar que permita mejorar su productividad e incrementar sus oportunidades. En <strong style=\"color:#9db2d9\">Cos System\u00a0 <\/strong> somos conscientes de lo necesario que resulta en toda organizaci\u00f3n, una correcta alineaci\u00f3n de los procesos de negocio con la infraestructura tecnol\u00f3gica. Para ello, disponemos de un <strong style=\"color:#9db2d9\">\u00e1rea de proyectos de consultor\u00eda tecnol\u00f3gica<\/strong>, en la que tomamos como partida sus procesos empresariales para identificar los puntos a mejorar a trav\u00e9s de la automatizaci\u00f3n de procesos.\t\t\t\t\t\t\t\t<\/div>\n\t\t\t\t<\/div>\n\t\t\t\t\t<\/div>\n\t\t<\/div>\n\t\t\t\t<div class=\"elementor-column elementor-col-50 elementor-top-column elementor-element elementor-element-4998c446\" data-id=\"4998c446\" data-element_type=\"column\">\n\t\t\t<div class=\"elementor-widget-wrap elementor-element-populated\">\n\t\t\t\t\t\t<div class=\"elementor-element elementor-element-26233c6e elementor-widget elementor-widget-image\" data-id=\"26233c6e\" data-element_type=\"widget\" data-widget_type=\"image.default\">\n\t\t\t\t<div class=\"elementor-widget-container\">\n\t\t\t\t\t\t\t\t\t\t\t\t\t\t\t<img fetchpriority=\"high\" decoding=\"async\" width=\"800\" height=\"600\" src=\"https:\/\/cossystem.com.mx\/wp-content\/uploads\/2020\/05\/pag-informatica1.jpg\" class=\"attachment-full size-full wp-image-237\" alt=\"\" srcset=\"https:\/\/cossystem.com.mx\/wp-content\/uploads\/2020\/05\/pag-informatica1.jpg 800w, https:\/\/cossystem.com.mx\/wp-content\/uploads\/2020\/05\/pag-informatica1-600x450.jpg 600w, https:\/\/cossystem.com.mx\/wp-content\/uploads\/2020\/05\/pag-informatica1-300x225.jpg 300w, https:\/\/cossystem.com.mx\/wp-content\/uploads\/2020\/05\/pag-informatica1-768x576.jpg 768w\" sizes=\"(max-width: 800px) 100vw, 800px\" \/>\t\t\t\t\t\t\t\t\t\t\t\t\t\t\t<\/div>\n\t\t\t\t<\/div>\n\t\t\t\t\t<\/div>\n\t\t<\/div>\n\t\t\t\t\t<\/div>\n\t\t<\/section>\n\t\t\t\t<section class=\"elementor-section elementor-top-section elementor-element elementor-element-23fb205 elementor-section-content-middle elementor-section-boxed elementor-section-height-default elementor-section-height-default\" data-id=\"23fb205\" data-element_type=\"section\" data-settings=\"{&quot;background_background&quot;:&quot;classic&quot;}\">\n\t\t\t\t\t\t\t<div class=\"elementor-background-overlay\"><\/div>\n\t\t\t\t\t\t\t<div class=\"elementor-container elementor-column-gap-default\">\n\t\t\t\t\t<div class=\"elementor-column elementor-col-100 elementor-top-column elementor-element elementor-element-18bf4392\" data-id=\"18bf4392\" data-element_type=\"column\">\n\t\t\t<div class=\"elementor-widget-wrap elementor-element-populated\">\n\t\t\t\t\t\t<div class=\"elementor-element elementor-element-1e2cb3aa elementor-widget elementor-widget-heading\" data-id=\"1e2cb3aa\" data-element_type=\"widget\" data-widget_type=\"heading.default\">\n\t\t\t\t<div class=\"elementor-widget-container\">\n\t\t\t\t\t<h4 class=\"elementor-heading-title elementor-size-default\">El objetivo es conseguir un equilibrio entre los objetivos de la <br>organizaci\u00f3n y la capacidad de sus sistemas inform\u00e1ticos<\/h4>\t\t\t\t<\/div>\n\t\t\t\t<\/div>\n\t\t\t\t\t<\/div>\n\t\t<\/div>\n\t\t\t\t\t<\/div>\n\t\t<\/section>\n\t\t\t\t<section class=\"elementor-section elementor-top-section elementor-element elementor-element-167fe56 elementor-section-content-middle elementor-section-boxed elementor-section-height-default elementor-section-height-default\" data-id=\"167fe56\" data-element_type=\"section\" data-settings=\"{&quot;background_background&quot;:&quot;classic&quot;}\">\n\t\t\t\t\t\t<div class=\"elementor-container elementor-column-gap-no\">\n\t\t\t\t\t<div class=\"elementor-column elementor-col-100 elementor-top-column elementor-element elementor-element-699b76a9\" data-id=\"699b76a9\" data-element_type=\"column\">\n\t\t\t<div class=\"elementor-widget-wrap elementor-element-populated\">\n\t\t\t\t\t\t<section class=\"elementor-section elementor-inner-section elementor-element elementor-element-12096fb8 elementor-section-boxed elementor-section-height-default elementor-section-height-default\" data-id=\"12096fb8\" data-element_type=\"section\">\n\t\t\t\t\t\t<div class=\"elementor-container elementor-column-gap-default\">\n\t\t\t\t\t<div class=\"elementor-column elementor-col-33 elementor-inner-column elementor-element elementor-element-6dd8d120\" data-id=\"6dd8d120\" data-element_type=\"column\">\n\t\t\t<div class=\"elementor-widget-wrap elementor-element-populated\">\n\t\t\t\t\t\t<div class=\"elementor-element elementor-element-38321756 elementor-view-stacked elementor-shape-circle elementor-position-top elementor-mobile-position-top elementor-widget elementor-widget-icon-box\" data-id=\"38321756\" data-element_type=\"widget\" data-widget_type=\"icon-box.default\">\n\t\t\t\t<div class=\"elementor-widget-container\">\n\t\t\t\t\t\t\t<div class=\"elementor-icon-box-wrapper\">\n\n\t\t\t\t\t\t<div class=\"elementor-icon-box-icon\">\n\t\t\t\t<span  class=\"elementor-icon elementor-animation-grow\">\n\t\t\t\t<i aria-hidden=\"true\" class=\"fas fa-cogs\"><\/i>\t\t\t\t<\/span>\n\t\t\t<\/div>\n\t\t\t\n\t\t\t\t\t\t<div class=\"elementor-icon-box-content\">\n\n\t\t\t\t\t\t\t\t\t<h3 class=\"elementor-icon-box-title\">\n\t\t\t\t\t\t<span  >\n\t\t\t\t\t\t\tAutomatizaci\u00f3n de procesos\t\t\t\t\t\t<\/span>\n\t\t\t\t\t<\/h3>\n\t\t\t\t\n\t\t\t\t\t\t\t\t\t<p class=\"elementor-icon-box-description\">\n\t\t\t\t\t\tProyectos a medida\nAdaptaci\u00f3n e Integraci\u00f3n ERP\nPortales Colaborativos\nGesti\u00f3n Documental\t\t\t\t\t<\/p>\n\t\t\t\t\n\t\t\t<\/div>\n\t\t\t\n\t\t<\/div>\n\t\t\t\t\t\t<\/div>\n\t\t\t\t<\/div>\n\t\t\t\t\t<\/div>\n\t\t<\/div>\n\t\t\t\t<div class=\"elementor-column elementor-col-33 elementor-inner-column elementor-element elementor-element-15e0ef4a\" data-id=\"15e0ef4a\" data-element_type=\"column\">\n\t\t\t<div class=\"elementor-widget-wrap elementor-element-populated\">\n\t\t\t\t\t\t<div class=\"elementor-element elementor-element-793a8607 elementor-view-stacked elementor-shape-circle elementor-position-top elementor-mobile-position-top elementor-widget elementor-widget-icon-box\" data-id=\"793a8607\" data-element_type=\"widget\" data-widget_type=\"icon-box.default\">\n\t\t\t\t<div class=\"elementor-widget-container\">\n\t\t\t\t\t\t\t<div class=\"elementor-icon-box-wrapper\">\n\n\t\t\t\t\t\t<div class=\"elementor-icon-box-icon\">\n\t\t\t\t<span  class=\"elementor-icon elementor-animation-grow\">\n\t\t\t\t<i aria-hidden=\"true\" class=\"fas fa-tasks\"><\/i>\t\t\t\t<\/span>\n\t\t\t<\/div>\n\t\t\t\n\t\t\t\t\t\t<div class=\"elementor-icon-box-content\">\n\n\t\t\t\t\t\t\t\t\t<h3 class=\"elementor-icon-box-title\">\n\t\t\t\t\t\t<span  >\n\t\t\t\t\t\t\tAplicaciones base\t\t\t\t\t\t<\/span>\n\t\t\t\t\t<\/h3>\n\t\t\t\t\n\t\t\t\t\t\t\t\t\t<p class=\"elementor-icon-box-description\">\n\t\t\t\t\t\tSistemas operativos\nRedes y comunicaciones\nSoporte al usuario\nSeguridad y auditor\u00eda\t\t\t\t\t<\/p>\n\t\t\t\t\n\t\t\t<\/div>\n\t\t\t\n\t\t<\/div>\n\t\t\t\t\t\t<\/div>\n\t\t\t\t<\/div>\n\t\t\t\t\t<\/div>\n\t\t<\/div>\n\t\t\t\t<div class=\"elementor-column elementor-col-33 elementor-inner-column elementor-element elementor-element-ba532ca\" data-id=\"ba532ca\" data-element_type=\"column\">\n\t\t\t<div class=\"elementor-widget-wrap elementor-element-populated\">\n\t\t\t\t\t\t<div class=\"elementor-element elementor-element-4d72407 elementor-view-stacked elementor-shape-circle elementor-position-top elementor-mobile-position-top elementor-widget elementor-widget-icon-box\" data-id=\"4d72407\" data-element_type=\"widget\" data-widget_type=\"icon-box.default\">\n\t\t\t\t<div class=\"elementor-widget-container\">\n\t\t\t\t\t\t\t<div class=\"elementor-icon-box-wrapper\">\n\n\t\t\t\t\t\t<div class=\"elementor-icon-box-icon\">\n\t\t\t\t<span  class=\"elementor-icon elementor-animation-grow\">\n\t\t\t\t<i aria-hidden=\"true\" class=\"fas fa-globe\"><\/i>\t\t\t\t<\/span>\n\t\t\t<\/div>\n\t\t\t\n\t\t\t\t\t\t<div class=\"elementor-icon-box-content\">\n\n\t\t\t\t\t\t\t\t\t<h3 class=\"elementor-icon-box-title\">\n\t\t\t\t\t\t<span  >\n\t\t\t\t\t\t\tInfraestuctura de red\t\t\t\t\t\t<\/span>\n\t\t\t\t\t<\/h3>\n\t\t\t\t\n\t\t\t\t\t\t\t\t\t<p class=\"elementor-icon-box-description\">\n\t\t\t\t\t\tSoftware de Ofim\u00e1tica\nColaboraci\u00f3n y mensajer\u00eda\nAplicaciones est\u00e1ndar\nSoporte al usuario Helpdesk\t\t\t\t\t<\/p>\n\t\t\t\t\n\t\t\t<\/div>\n\t\t\t\n\t\t<\/div>\n\t\t\t\t\t\t<\/div>\n\t\t\t\t<\/div>\n\t\t\t\t\t<\/div>\n\t\t<\/div>\n\t\t\t\t\t<\/div>\n\t\t<\/section>\n\t\t\t\t\t<\/div>\n\t\t<\/div>\n\t\t\t\t\t<\/div>\n\t\t<\/section>\n\t\t\t\t<\/div>\n\t\t","protected":false},"excerpt":{"rendered":"<p>Consultor\u00eda inform\u00e1tica Ahora es el momento del cambio en su forma de trabajar que permita mejorar su productividad e incrementar sus oportunidades. En Cos System&nbsp; somos conscientes de lo necesario que resulta en toda organizaci\u00f3n, una correcta alineaci\u00f3n de los procesos de negocio con la infraestructura tecnol\u00f3gica. Para ello, disponemos de un \u00e1rea de proyectos [&hellip;]<\/p>\n","protected":false},"author":1,"featured_media":0,"parent":0,"menu_order":0,"comment_status":"closed","ping_status":"closed","template":"","meta":{"site-sidebar-layout":"no-sidebar","site-content-layout":"page-builder","ast-site-content-layout":"","site-content-style":"default","site-sidebar-style":"default","ast-global-header-display":"","ast-banner-title-visibility":"","ast-main-header-display":"","ast-hfb-above-header-display":"","ast-hfb-below-header-display":"","ast-hfb-mobile-header-display":"","site-post-title":"disabled","ast-breadcrumbs-content":"","ast-featured-img":"disabled","footer-sml-layout":"","theme-transparent-header-meta":"","adv-header-id-meta":"","stick-header-meta":"","header-above-stick-meta":"","header-main-stick-meta":"","header-below-stick-meta":"","astra-migrate-meta-layouts":"default","ast-page-background-enabled":"default","ast-page-background-meta":{"desktop":{"background-color":"","background-image":"","background-repeat":"repeat","background-position":"center center","background-size":"auto","background-attachment":"scroll","background-type":"","background-media":"","overlay-type":"","overlay-color":"","overlay-opacity":"","overlay-gradient":""},"tablet":{"background-color":"","background-image":"","background-repeat":"repeat","background-position":"center center","background-size":"auto","background-attachment":"scroll","background-type":"","background-media":"","overlay-type":"","overlay-color":"","overlay-opacity":"","overlay-gradient":""},"mobile":{"background-color":"","background-image":"","background-repeat":"repeat","background-position":"center center","background-size":"auto","background-attachment":"scroll","background-type":"","background-media":"","overlay-type":"","overlay-color":"","overlay-opacity":"","overlay-gradient":""}},"ast-content-background-meta":{"desktop":{"background-color":"var(--ast-global-color-5)","background-image":"","background-repeat":"repeat","background-position":"center center","background-size":"auto","background-attachment":"scroll","background-type":"","background-media":"","overlay-type":"","overlay-color":"","overlay-opacity":"","overlay-gradient":""},"tablet":{"background-color":"var(--ast-global-color-5)","background-image":"","background-repeat":"repeat","background-position":"center center","background-size":"auto","background-attachment":"scroll","background-type":"","background-media":"","overlay-type":"","overlay-color":"","overlay-opacity":"","overlay-gradient":""},"mobile":{"background-color":"var(--ast-global-color-5)","background-image":"","background-repeat":"repeat","background-position":"center center","background-size":"auto","background-attachment":"scroll","background-type":"","background-media":"","overlay-type":"","overlay-color":"","overlay-opacity":"","overlay-gradient":""}},"footnotes":""},"class_list":["post-149","page","type-page","status-publish","hentry"],"yoast_head":"<!-- This site is optimized with the Yoast SEO plugin v24.2 - https:\/\/yoast.com\/wordpress\/plugins\/seo\/ -->\n<title>Consultor\u00eda | Inform\u00e1tica -<\/title>\n<meta name=\"robots\" content=\"index, follow, max-snippet:-1, max-image-preview:large, max-video-preview:-1\" \/>\n<link rel=\"canonical\" href=\"https:\/\/cossystem.com.mx\/index.php\/consultoria-informatica\/\" \/>\n<meta property=\"og:locale\" content=\"es_ES\" \/>\n<meta property=\"og:type\" content=\"article\" \/>\n<meta property=\"og:title\" content=\"Consultor\u00eda | Inform\u00e1tica -\" \/>\n<meta property=\"og:description\" content=\"Consultor\u00eda inform\u00e1tica Ahora es el momento del cambio en su forma de trabajar que permita mejorar su productividad e incrementar sus oportunidades. En Cos System&nbsp; somos conscientes de lo necesario que resulta en toda organizaci\u00f3n, una correcta alineaci\u00f3n de los procesos de negocio con la infraestructura tecnol\u00f3gica. Para ello, disponemos de un \u00e1rea de proyectos [&hellip;]\" \/>\n<meta property=\"og:url\" content=\"https:\/\/cossystem.com.mx\/index.php\/consultoria-informatica\/\" \/>\n<meta property=\"article:publisher\" content=\"https:\/\/www.facebook.com\/cossystem\/\" \/>\n<meta property=\"article:modified_time\" content=\"2020-05-26T22:27:50+00:00\" \/>\n<meta property=\"og:image\" content=\"https:\/\/d1.cossystem.com.mx\/wp-content\/uploads\/2020\/05\/pag-informatica1.jpg\" \/>\n<meta name=\"twitter:card\" content=\"summary_large_image\" \/>\n<meta name=\"twitter:site\" content=\"@cossystem\" \/>\n<meta name=\"twitter:label1\" content=\"Tiempo de lectura\" \/>\n\t<meta name=\"twitter:data1\" content=\"1 minuto\" \/>\n<script type=\"application\/ld+json\" class=\"yoast-schema-graph\">{\"@context\":\"https:\/\/schema.org\",\"@graph\":[{\"@type\":\"WebPage\",\"@id\":\"https:\/\/cossystem.com.mx\/index.php\/consultoria-informatica\/\",\"url\":\"https:\/\/cossystem.com.mx\/index.php\/consultoria-informatica\/\",\"name\":\"Consultor\u00eda | Inform\u00e1tica -\",\"isPartOf\":{\"@id\":\"https:\/\/cossystem.com.mx\/#website\"},\"primaryImageOfPage\":{\"@id\":\"https:\/\/cossystem.com.mx\/index.php\/consultoria-informatica\/#primaryimage\"},\"image\":{\"@id\":\"https:\/\/cossystem.com.mx\/index.php\/consultoria-informatica\/#primaryimage\"},\"thumbnailUrl\":\"https:\/\/d1.cossystem.com.mx\/wp-content\/uploads\/2020\/05\/pag-informatica1.jpg\",\"datePublished\":\"2020-05-19T18:13:09+00:00\",\"dateModified\":\"2020-05-26T22:27:50+00:00\",\"breadcrumb\":{\"@id\":\"https:\/\/cossystem.com.mx\/index.php\/consultoria-informatica\/#breadcrumb\"},\"inLanguage\":\"es\",\"potentialAction\":[{\"@type\":\"ReadAction\",\"target\":[\"https:\/\/cossystem.com.mx\/index.php\/consultoria-informatica\/\"]}]},{\"@type\":\"ImageObject\",\"inLanguage\":\"es\",\"@id\":\"https:\/\/cossystem.com.mx\/index.php\/consultoria-informatica\/#primaryimage\",\"url\":\"https:\/\/d1.cossystem.com.mx\/wp-content\/uploads\/2020\/05\/pag-informatica1.jpg\",\"contentUrl\":\"https:\/\/d1.cossystem.com.mx\/wp-content\/uploads\/2020\/05\/pag-informatica1.jpg\"},{\"@type\":\"BreadcrumbList\",\"@id\":\"https:\/\/cossystem.com.mx\/index.php\/consultoria-informatica\/#breadcrumb\",\"itemListElement\":[{\"@type\":\"ListItem\",\"position\":1,\"name\":\"Home\",\"item\":\"https:\/\/cossystem.com.mx\/\"},{\"@type\":\"ListItem\",\"position\":2,\"name\":\"Consultor\u00eda | Inform\u00e1tica\"}]},{\"@type\":\"WebSite\",\"@id\":\"https:\/\/cossystem.com.mx\/#website\",\"url\":\"https:\/\/cossystem.com.mx\/\",\"name\":\"cossystem\",\"description\":\"Cos System S.A de C.V\",\"publisher\":{\"@id\":\"https:\/\/cossystem.com.mx\/#organization\"},\"potentialAction\":[{\"@type\":\"SearchAction\",\"target\":{\"@type\":\"EntryPoint\",\"urlTemplate\":\"https:\/\/cossystem.com.mx\/?s={search_term_string}\"},\"query-input\":{\"@type\":\"PropertyValueSpecification\",\"valueRequired\":true,\"valueName\":\"search_term_string\"}}],\"inLanguage\":\"es\"},{\"@type\":\"Organization\",\"@id\":\"https:\/\/cossystem.com.mx\/#organization\",\"name\":\"cossystem s.a de c.v.\",\"url\":\"https:\/\/cossystem.com.mx\/\",\"logo\":{\"@type\":\"ImageObject\",\"inLanguage\":\"es\",\"@id\":\"https:\/\/cossystem.com.mx\/#\/schema\/logo\/image\/\",\"url\":\"https:\/\/cossystem.com.mx\/wp-content\/uploads\/2020\/05\/pag-logo-cossystem.png\",\"contentUrl\":\"https:\/\/cossystem.com.mx\/wp-content\/uploads\/2020\/05\/pag-logo-cossystem.png\",\"width\":1341,\"height\":243,\"caption\":\"cossystem s.a de c.v.\"},\"image\":{\"@id\":\"https:\/\/cossystem.com.mx\/#\/schema\/logo\/image\/\"},\"sameAs\":[\"https:\/\/www.facebook.com\/cossystem\/\",\"https:\/\/x.com\/cossystem\",\"https:\/\/www.instagram.com\/cossystem\/?hl=es-la\",\"https:\/\/www.linkedin.com\/in\/cossystem-s-a-b251901a6\/\",\"https:\/\/www.pinterest.com.mx\/cossystem\/\",\"https:\/\/www.youtube.com\/user\/cossystem\"]}]}<\/script>\n<!-- \/ Yoast SEO plugin. -->","yoast_head_json":{"title":"Consultor\u00eda | Inform\u00e1tica -","robots":{"index":"index","follow":"follow","max-snippet":"max-snippet:-1","max-image-preview":"max-image-preview:large","max-video-preview":"max-video-preview:-1"},"canonical":"https:\/\/cossystem.com.mx\/index.php\/consultoria-informatica\/","og_locale":"es_ES","og_type":"article","og_title":"Consultor\u00eda | Inform\u00e1tica -","og_description":"Consultor\u00eda inform\u00e1tica Ahora es el momento del cambio en su forma de trabajar que permita mejorar su productividad e incrementar sus oportunidades. En Cos System&nbsp; somos conscientes de lo necesario que resulta en toda organizaci\u00f3n, una correcta alineaci\u00f3n de los procesos de negocio con la infraestructura tecnol\u00f3gica. Para ello, disponemos de un \u00e1rea de proyectos [&hellip;]","og_url":"https:\/\/cossystem.com.mx\/index.php\/consultoria-informatica\/","article_publisher":"https:\/\/www.facebook.com\/cossystem\/","article_modified_time":"2020-05-26T22:27:50+00:00","og_image":[{"url":"https:\/\/d1.cossystem.com.mx\/wp-content\/uploads\/2020\/05\/pag-informatica1.jpg","type":"","width":"","height":""}],"twitter_card":"summary_large_image","twitter_site":"@cossystem","twitter_misc":{"Tiempo de lectura":"1 minuto"},"schema":{"@context":"https:\/\/schema.org","@graph":[{"@type":"WebPage","@id":"https:\/\/cossystem.com.mx\/index.php\/consultoria-informatica\/","url":"https:\/\/cossystem.com.mx\/index.php\/consultoria-informatica\/","name":"Consultor\u00eda | Inform\u00e1tica -","isPartOf":{"@id":"https:\/\/cossystem.com.mx\/#website"},"primaryImageOfPage":{"@id":"https:\/\/cossystem.com.mx\/index.php\/consultoria-informatica\/#primaryimage"},"image":{"@id":"https:\/\/cossystem.com.mx\/index.php\/consultoria-informatica\/#primaryimage"},"thumbnailUrl":"https:\/\/d1.cossystem.com.mx\/wp-content\/uploads\/2020\/05\/pag-informatica1.jpg","datePublished":"2020-05-19T18:13:09+00:00","dateModified":"2020-05-26T22:27:50+00:00","breadcrumb":{"@id":"https:\/\/cossystem.com.mx\/index.php\/consultoria-informatica\/#breadcrumb"},"inLanguage":"es","potentialAction":[{"@type":"ReadAction","target":["https:\/\/cossystem.com.mx\/index.php\/consultoria-informatica\/"]}]},{"@type":"ImageObject","inLanguage":"es","@id":"https:\/\/cossystem.com.mx\/index.php\/consultoria-informatica\/#primaryimage","url":"https:\/\/d1.cossystem.com.mx\/wp-content\/uploads\/2020\/05\/pag-informatica1.jpg","contentUrl":"https:\/\/d1.cossystem.com.mx\/wp-content\/uploads\/2020\/05\/pag-informatica1.jpg"},{"@type":"BreadcrumbList","@id":"https:\/\/cossystem.com.mx\/index.php\/consultoria-informatica\/#breadcrumb","itemListElement":[{"@type":"ListItem","position":1,"name":"Home","item":"https:\/\/cossystem.com.mx\/"},{"@type":"ListItem","position":2,"name":"Consultor\u00eda | Inform\u00e1tica"}]},{"@type":"WebSite","@id":"https:\/\/cossystem.com.mx\/#website","url":"https:\/\/cossystem.com.mx\/","name":"cossystem","description":"Cos System S.A de C.V","publisher":{"@id":"https:\/\/cossystem.com.mx\/#organization"},"potentialAction":[{"@type":"SearchAction","target":{"@type":"EntryPoint","urlTemplate":"https:\/\/cossystem.com.mx\/?s={search_term_string}"},"query-input":{"@type":"PropertyValueSpecification","valueRequired":true,"valueName":"search_term_string"}}],"inLanguage":"es"},{"@type":"Organization","@id":"https:\/\/cossystem.com.mx\/#organization","name":"cossystem s.a de c.v.","url":"https:\/\/cossystem.com.mx\/","logo":{"@type":"ImageObject","inLanguage":"es","@id":"https:\/\/cossystem.com.mx\/#\/schema\/logo\/image\/","url":"https:\/\/cossystem.com.mx\/wp-content\/uploads\/2020\/05\/pag-logo-cossystem.png","contentUrl":"https:\/\/cossystem.com.mx\/wp-content\/uploads\/2020\/05\/pag-logo-cossystem.png","width":1341,"height":243,"caption":"cossystem s.a de c.v."},"image":{"@id":"https:\/\/cossystem.com.mx\/#\/schema\/logo\/image\/"},"sameAs":["https:\/\/www.facebook.com\/cossystem\/","https:\/\/x.com\/cossystem","https:\/\/www.instagram.com\/cossystem\/?hl=es-la","https:\/\/www.linkedin.com\/in\/cossystem-s-a-b251901a6\/","https:\/\/www.pinterest.com.mx\/cossystem\/","https:\/\/www.youtube.com\/user\/cossystem"]}]}},"_links":{"self":[{"href":"https:\/\/cossystem.com.mx\/index.php\/wp-json\/wp\/v2\/pages\/149","targetHints":{"allow":["GET"]}}],"collection":[{"href":"https:\/\/cossystem.com.mx\/index.php\/wp-json\/wp\/v2\/pages"}],"about":[{"href":"https:\/\/cossystem.com.mx\/index.php\/wp-json\/wp\/v2\/types\/page"}],"author":[{"embeddable":true,"href":"https:\/\/cossystem.com.mx\/index.php\/wp-json\/wp\/v2\/users\/1"}],"replies":[{"embeddable":true,"href":"https:\/\/cossystem.com.mx\/index.php\/wp-json\/wp\/v2\/comments?post=149"}],"version-history":[{"count":9,"href":"https:\/\/cossystem.com.mx\/index.php\/wp-json\/wp\/v2\/pages\/149\/revisions"}],"predecessor-version":[{"id":255,"href":"https:\/\/cossystem.com.mx\/index.php\/wp-json\/wp\/v2\/pages\/149\/revisions\/255"}],"wp:attachment":[{"href":"https:\/\/cossystem.com.mx\/index.php\/wp-json\/wp\/v2\/media?parent=149"}],"curies":[{"name":"wp","href":"https:\/\/api.w.org\/{rel}","templated":true}]}}